{"id":1896,"date":"2021-08-27T16:57:10","date_gmt":"2021-08-27T13:57:10","guid":{"rendered":"https:\/\/malinacosmetics.com\/?post_type=product&#038;p=1896"},"modified":"2026-01-15T13:22:14","modified_gmt":"2026-01-15T12:22:14","slug":"medi-peel-mezzo-filla-eye-serum2","status":"publish","type":"product","link":"https:\/\/malinacosmetics.com\/sr\/\u043f\u0440\u043e\u0438\u0437\u0432\u043e\u0434\/medi-peel-mezzo-filla-eye-serum2\/","title":{"rendered":"Medi-Peel Mezzo Filla Eye Serum"},"content":{"rendered":"<p class=\"translation-block\">Peptidni serum za o\u010di protiv starenja Medi-Peel Mezzo Filla serum za o\u010di ima izra\u017een efekat zatezanja, zagla\u0111uje mimi\u010dke bore u predelu oko o\u010diju i nazolabijalnih bora, deluje revitalizirajuc\u0301e i tonira, daje duboku hidrataciju i ne\u017eno osvetljava podo\u010dnjake. Serum je pogodan za negu tanke i delikatne ko\u017ee oko kapaka, aktivno podmla\u0111uje, zate\u017ee i zate\u017ee ko\u017eu, smanjujuc\u0301i dubinu bora i zagla\u0111ujuc\u0301i nabore na ko\u017ei. Nadokna\u0111uje nedostatak vlage, elimini\u0161e suvoc\u0301u i zatezanje, efikasno hrani i vla\u017ei ko\u017eu. Povec\u0301ava elasti\u010dnost tkiva i poma\u017ee u osvetljavanju tamnih krugova ispod o\u010diju. Zagla\u0111uje mimi\u010dke bore i vranine, osve\u017eava i revitalizira o\u010di, poma\u017ee u borbi protiv dosadne i umorne ko\u017ee i ne\u017eno posvjetljuje. Meka formula proizvoda ne izaziva iritaciju i upalu. Proizvod se brzo upija, ne opterec\u0301uje i formira posebnu za\u0161titnu barijeru na povr\u0161ini ko\u017ee koja spre\u010dava gubitak vlage i usporava proces starenja. Bezbedna hipoalergena kompozicija ne izaziva upale i alergijske reakcije, ne\u017eno neguje ko\u017eu i umiruje je.<\/p>\n<p><strong><br>Na\u010din upotrebe:<\/strong> Nanesite ravnomerni sloj na podru\u010dje oko o\u010diju, zavr\u0161ite hidratantnom kremom.<\/p>\n<hr \/>\n<div><em><strong><em>Sastojci:<\/em><\/strong> Water, Glycerin, Butylene Glycol, Alcohol, Niacinamide, Dimethicone\/Vinyl Dimethicone Crosspolymer, Hydroxypropyl Methylcellulose, Pullulan, Glycosyl trehalose, Hydrogenated Starch Hydrolysate, 1,2-Hexanediol, Glyceryl Acrylate\/Acrylic Acid Copolymer, Sodium Hyaluronate, Propylene Glycol, Gellan Gum, Scutellaria Baicalensis Root Extract, Hydrogenated Polyisobutene, Anemarrhena Asphodeloides Root Extract, Algae Extract, Myrothamnus Flabellifolia Callus Culture Extract, Oenothera Biennis (Evening Primrose) Flower Extract, Sophora Flavescens Root Extract, Thuja Orientalis Extract, Scutellaria Baicalensis Extract, Taraxacum Officinale (Dandelion) Extract, Allantoin, Panthenol, Adenosine, Palmitoyl Tripeptide-1, Palmitoyl Tetrapeptide-7, sh-Oligopeptide-1, sh-Oligopeptide-2, sh-Polypeptide-1, sh-Polypeptide-3, sh-Polypeptide-16, Polylactic Acid, C12-14 sec-Pareth-7, Origanum Vulgare Flower\/Leaf\/Stem Extract, Lavandula Angustifolia (Lavender) Extract, Rosmarinus Officinalis (Rosemary) Extract, Thymus Vulgaris (Thyme) Extract, Porphyridium Cruentum Extract, Tromethamine, Ethylhexylglycerin, Glyceryl Caprylate, Carbomer, Dimethicone, Dimethiconol, Chondrus Crispus Powder, Synthetic Fluorphlogopite, Agar, Titanium Dioxide, Acrylates\/C10-30 Alkyl Acrylate Crosspolymer, Mica, CI 77491, Tin Oxide, Coceth-7, PPG-1-PEG-9 Lauryl Glycol Ether, PEG-40 Hydrogenated Castor Oil, Dipotassium Glycyrrhizate, Disodium EDTA, Fragrance<\/em><\/div>","protected":false},"excerpt":{"rendered":"<p>Peptidni serum za podmla\u0111ivanje o\u010diju. 30ml<\/p>","protected":false},"featured_media":1897,"template":"","meta":{"_acf_changed":false},"product_brand":[],"product_cat":[224,296,213,96],"product_tag":[],"class_list":{"0":"post-1896","1":"product","2":"type-product","3":"status-publish","4":"has-post-thumbnail","6":"product_cat-antiage","7":"product_cat-medi-peel","8":"product_cat-eyecare","9":"product_cat-eyeserum","11":"first","12":"outofstock","13":"shipping-taxable","14":"purchasable","15":"product-type-simple"},"acf":[],"yoast_head":"<!-- This site is optimized with the Yoast SEO Premium plugin v19.6 (Yoast SEO v20.11) - https:\/\/yoast.com\/wordpress\/plugins\/seo\/ -->\n<title>Medi-Peel Mezzo Filla Eye Serum - Malina Beauty Store<\/title>\n<meta name=\"description\" content=\"\u041e\u043c\u043e\u043b\u0430\u0436\u0438\u0432\u0430\u044e\u0449\u0430\u044f \u043f\u0435\u043f\u0442\u0438\u0434\u043d\u0430\u044f \u0441\u044b\u0432\u043e\u0440\u043e\u0442\u043a\u0430 \u0434\u043b\u044f \u0432\u0435\u043a Medi-Peel Mezzo Filla Eye Serum. Malina Beauty store \u2013 \u0438\u043d\u0442\u0435\u0440\u043d\u0435\u0442-\u043c\u0430\u0433\u0430\u0437\u0438\u043d \u043a\u043e\u0441\u043c\u0435\u0442\u0438\u043a\u0438.\" \/>\n<meta name=\"robots\" content=\"index, follow, max-snippet:-1, max-image-preview:large, max-video-preview:-1\" \/>\n<link rel=\"canonical\" href=\"https:\/\/malinacosmetics.com\/sr\/\u043f\u0440\u043e\u0438\u0437\u0432\u043e\u0434\/medi-peel-mezzo-filla-eye-serum2\/\" \/>\n<meta property=\"og:locale\" content=\"sr_RS\" \/>\n<meta property=\"og:type\" content=\"article\" \/>\n<meta property=\"og:title\" content=\"Medi-Peel Mezzo Filla Eye Serum\" \/>\n<meta property=\"og:description\" content=\"\u041e\u043c\u043e\u043b\u0430\u0436\u0438\u0432\u0430\u044e\u0449\u0430\u044f \u043f\u0435\u043f\u0442\u0438\u0434\u043d\u0430\u044f \u0441\u044b\u0432\u043e\u0440\u043e\u0442\u043a\u0430 \u0434\u043b\u044f \u0432\u0435\u043a Medi-Peel Mezzo Filla Eye Serum. Malina Beauty store \u2013 \u0438\u043d\u0442\u0435\u0440\u043d\u0435\u0442-\u043c\u0430\u0433\u0430\u0437\u0438\u043d \u043a\u043e\u0441\u043c\u0435\u0442\u0438\u043a\u0438.\" \/>\n<meta property=\"og:url\" content=\"https:\/\/malinacosmetics.com\/sr\/\u043f\u0440\u043e\u0438\u0437\u0432\u043e\u0434\/medi-peel-mezzo-filla-eye-serum2\/\" \/>\n<meta property=\"og:site_name\" content=\"Malina Beauty Store\" \/>\n<meta property=\"article:publisher\" content=\"https:\/\/www.facebook.com\/MalinaBeautyShopMe\/\" \/>\n<meta property=\"article:modified_time\" content=\"2026-01-15T12:22:14+00:00\" \/>\n<meta property=\"og:image\" content=\"https:\/\/malinacosmetics.com\/wp-content\/uploads\/2021\/08\/MEDI-PEEL-Mezzo-filla-eye-serum.jpg\" \/>\n\t<meta property=\"og:image:width\" content=\"1200\" \/>\n\t<meta property=\"og:image:height\" content=\"1200\" \/>\n\t<meta property=\"og:image:type\" content=\"image\/jpeg\" \/>\n<meta name=\"twitter:card\" content=\"summary_large_image\" \/>\n<script type=\"application\/ld+json\" class=\"yoast-schema-graph\">{\"@context\":\"https:\/\/schema.org\",\"@graph\":[{\"@type\":[\"WebPage\",\"ItemPage\"],\"@id\":\"https:\/\/malinacosmetics.com\/product\/medi-peel-mezzo-filla-eye-serum2\/\",\"url\":\"https:\/\/malinacosmetics.com\/product\/medi-peel-mezzo-filla-eye-serum2\/\",\"name\":\"Medi-Peel Mezzo Filla Eye Serum - Malina Beauty Store\",\"isPartOf\":{\"@id\":\"https:\/\/malinacosmetics.com\/#website\"},\"datePublished\":\"2021-08-27T13:57:10+00:00\",\"dateModified\":\"2026-01-15T12:22:14+00:00\",\"description\":\"\u041e\u043c\u043e\u043b\u0430\u0436\u0438\u0432\u0430\u044e\u0449\u0430\u044f \u043f\u0435\u043f\u0442\u0438\u0434\u043d\u0430\u044f \u0441\u044b\u0432\u043e\u0440\u043e\u0442\u043a\u0430 \u0434\u043b\u044f \u0432\u0435\u043a Medi-Peel Mezzo Filla Eye Serum. Malina Beauty store \u2013 \u0438\u043d\u0442\u0435\u0440\u043d\u0435\u0442-\u043c\u0430\u0433\u0430\u0437\u0438\u043d \u043a\u043e\u0441\u043c\u0435\u0442\u0438\u043a\u0438.\",\"breadcrumb\":{\"@id\":\"https:\/\/malinacosmetics.com\/product\/medi-peel-mezzo-filla-eye-serum2\/#breadcrumb\"},\"inLanguage\":\"sr-RS\",\"potentialAction\":[{\"@type\":\"ReadAction\",\"target\":[\"https:\/\/malinacosmetics.com\/product\/medi-peel-mezzo-filla-eye-serum2\/\"]}]},{\"@type\":\"BreadcrumbList\",\"@id\":\"https:\/\/malinacosmetics.com\/product\/medi-peel-mezzo-filla-eye-serum2\/#breadcrumb\",\"itemListElement\":[{\"@type\":\"ListItem\",\"position\":1,\"name\":\"\u0413\u043b\u0430\u0432\u043d\u0430\u044f \u0441\u0442\u0440\u0430\u043d\u0438\u0446\u0430\",\"item\":\"https:\/\/malinacosmetics.com\/\"},{\"@type\":\"ListItem\",\"position\":2,\"name\":\"\u041a\u0430\u0442\u0430\u043b\u043e\u0433\",\"item\":\"https:\/\/malinacosmetics.com\/sr\/shop\/\"},{\"@type\":\"ListItem\",\"position\":3,\"name\":\"Medi-Peel Mezzo Filla Eye Serum\"}]},{\"@type\":\"WebSite\",\"@id\":\"https:\/\/malinacosmetics.com\/#website\",\"url\":\"https:\/\/malinacosmetics.com\/\",\"name\":\"Malina Beauty Store\",\"description\":\"Prodaja korejske kozmetike za Crnu Goru\",\"publisher\":{\"@id\":\"https:\/\/malinacosmetics.com\/#organization\"},\"potentialAction\":[{\"@type\":\"SearchAction\",\"target\":{\"@type\":\"EntryPoint\",\"urlTemplate\":\"https:\/\/malinacosmetics.com\/?s={search_term_string}\"},\"query-input\":\"required name=search_term_string\"}],\"inLanguage\":\"sr-RS\"},{\"@type\":\"Organization\",\"@id\":\"https:\/\/malinacosmetics.com\/#organization\",\"name\":\"malinacosmetics\",\"url\":\"https:\/\/malinacosmetics.com\/\",\"logo\":{\"@type\":\"ImageObject\",\"inLanguage\":\"sr-RS\",\"@id\":\"https:\/\/malinacosmetics.com\/#\/schema\/logo\/image\/\",\"url\":\"https:\/\/malinacosmetics.com\/wp-content\/uploads\/2021\/07\/logo.png\",\"contentUrl\":\"https:\/\/malinacosmetics.com\/wp-content\/uploads\/2021\/07\/logo.png\",\"width\":500,\"height\":353,\"caption\":\"malinacosmetics\"},\"image\":{\"@id\":\"https:\/\/malinacosmetics.com\/#\/schema\/logo\/image\/\"},\"sameAs\":[\"https:\/\/www.facebook.com\/MalinaBeautyShopMe\/\"]}]}<\/script>\n<meta property=\"product:brand\" content=\"simple\" \/>\n<meta property=\"product:price:amount\" content=\"32.00\" \/>\n<meta property=\"product:price:currency\" content=\"EUR\" \/>\n<meta property=\"og:availability\" content=\"out of stock\" \/>\n<meta property=\"product:availability\" content=\"out of stock\" \/>\n<meta property=\"product:condition\" content=\"new\" \/>\n<!-- \/ Yoast SEO Premium plugin. -->","yoast_head_json":{"title":"Medi-Peel Mezzo Filla Eye Serum - Malina Beauty Store","description":"\u041e\u043c\u043e\u043b\u0430\u0436\u0438\u0432\u0430\u044e\u0449\u0430\u044f \u043f\u0435\u043f\u0442\u0438\u0434\u043d\u0430\u044f \u0441\u044b\u0432\u043e\u0440\u043e\u0442\u043a\u0430 \u0434\u043b\u044f \u0432\u0435\u043a Medi-Peel Mezzo Filla Eye Serum. Malina Beauty store \u2013 \u0438\u043d\u0442\u0435\u0440\u043d\u0435\u0442-\u043c\u0430\u0433\u0430\u0437\u0438\u043d \u043a\u043e\u0441\u043c\u0435\u0442\u0438\u043a\u0438.","robots":{"index":"index","follow":"follow","max-snippet":"max-snippet:-1","max-image-preview":"max-image-preview:large","max-video-preview":"max-video-preview:-1"},"canonical":"https:\/\/malinacosmetics.com\/sr\/\u043f\u0440\u043e\u0438\u0437\u0432\u043e\u0434\/medi-peel-mezzo-filla-eye-serum2\/","og_locale":"sr_RS","og_type":"article","og_title":"Medi-Peel Mezzo Filla Eye Serum","og_description":"\u041e\u043c\u043e\u043b\u0430\u0436\u0438\u0432\u0430\u044e\u0449\u0430\u044f \u043f\u0435\u043f\u0442\u0438\u0434\u043d\u0430\u044f \u0441\u044b\u0432\u043e\u0440\u043e\u0442\u043a\u0430 \u0434\u043b\u044f \u0432\u0435\u043a Medi-Peel Mezzo Filla Eye Serum. Malina Beauty store \u2013 \u0438\u043d\u0442\u0435\u0440\u043d\u0435\u0442-\u043c\u0430\u0433\u0430\u0437\u0438\u043d \u043a\u043e\u0441\u043c\u0435\u0442\u0438\u043a\u0438.","og_url":"https:\/\/malinacosmetics.com\/sr\/\u043f\u0440\u043e\u0438\u0437\u0432\u043e\u0434\/medi-peel-mezzo-filla-eye-serum2\/","og_site_name":"Malina Beauty Store","article_publisher":"https:\/\/www.facebook.com\/MalinaBeautyShopMe\/","article_modified_time":"2026-01-15T12:22:14+00:00","og_image":[{"width":1200,"height":1200,"url":"https:\/\/malinacosmetics.com\/wp-content\/uploads\/2021\/08\/MEDI-PEEL-Mezzo-filla-eye-serum.jpg","type":"image\/jpeg"}],"twitter_card":"summary_large_image","schema":{"@context":"https:\/\/schema.org","@graph":[{"@type":["WebPage","ItemPage"],"@id":"https:\/\/malinacosmetics.com\/product\/medi-peel-mezzo-filla-eye-serum2\/","url":"https:\/\/malinacosmetics.com\/product\/medi-peel-mezzo-filla-eye-serum2\/","name":"Medi-Peel Mezzo Filla Eye Serum - Malina Beauty Store","isPartOf":{"@id":"https:\/\/malinacosmetics.com\/#website"},"datePublished":"2021-08-27T13:57:10+00:00","dateModified":"2026-01-15T12:22:14+00:00","description":"\u041e\u043c\u043e\u043b\u0430\u0436\u0438\u0432\u0430\u044e\u0449\u0430\u044f \u043f\u0435\u043f\u0442\u0438\u0434\u043d\u0430\u044f \u0441\u044b\u0432\u043e\u0440\u043e\u0442\u043a\u0430 \u0434\u043b\u044f \u0432\u0435\u043a Medi-Peel Mezzo Filla Eye Serum. Malina Beauty store \u2013 \u0438\u043d\u0442\u0435\u0440\u043d\u0435\u0442-\u043c\u0430\u0433\u0430\u0437\u0438\u043d \u043a\u043e\u0441\u043c\u0435\u0442\u0438\u043a\u0438.","breadcrumb":{"@id":"https:\/\/malinacosmetics.com\/product\/medi-peel-mezzo-filla-eye-serum2\/#breadcrumb"},"inLanguage":"sr-RS","potentialAction":[{"@type":"ReadAction","target":["https:\/\/malinacosmetics.com\/product\/medi-peel-mezzo-filla-eye-serum2\/"]}]},{"@type":"BreadcrumbList","@id":"https:\/\/malinacosmetics.com\/product\/medi-peel-mezzo-filla-eye-serum2\/#breadcrumb","itemListElement":[{"@type":"ListItem","position":1,"name":"\u0413\u043b\u0430\u0432\u043d\u0430\u044f \u0441\u0442\u0440\u0430\u043d\u0438\u0446\u0430","item":"https:\/\/malinacosmetics.com\/"},{"@type":"ListItem","position":2,"name":"\u041a\u0430\u0442\u0430\u043b\u043e\u0433","item":"https:\/\/malinacosmetics.com\/sr\/shop\/"},{"@type":"ListItem","position":3,"name":"Medi-Peel Mezzo Filla Eye Serum"}]},{"@type":"WebSite","@id":"https:\/\/malinacosmetics.com\/#website","url":"https:\/\/malinacosmetics.com\/","name":"Malina Beauty Store","description":"Prodaja korejske kozmetike za Crnu Goru","publisher":{"@id":"https:\/\/malinacosmetics.com\/#organization"},"potentialAction":[{"@type":"SearchAction","target":{"@type":"EntryPoint","urlTemplate":"https:\/\/malinacosmetics.com\/?s={search_term_string}"},"query-input":"required name=search_term_string"}],"inLanguage":"sr-RS"},{"@type":"Organization","@id":"https:\/\/malinacosmetics.com\/#organization","name":"malinacosmetics","url":"https:\/\/malinacosmetics.com\/","logo":{"@type":"ImageObject","inLanguage":"sr-RS","@id":"https:\/\/malinacosmetics.com\/#\/schema\/logo\/image\/","url":"https:\/\/malinacosmetics.com\/wp-content\/uploads\/2021\/07\/logo.png","contentUrl":"https:\/\/malinacosmetics.com\/wp-content\/uploads\/2021\/07\/logo.png","width":500,"height":353,"caption":"malinacosmetics"},"image":{"@id":"https:\/\/malinacosmetics.com\/#\/schema\/logo\/image\/"},"sameAs":["https:\/\/www.facebook.com\/MalinaBeautyShopMe\/"]}]},"product_brand":"simple","product_price_amount":"32.00","product_price_currency":"EUR","og_availability":"out of stock","product_availability":"out of stock","product_condition":"new"},"jetpack_sharing_enabled":true,"_links":{"self":[{"href":"https:\/\/malinacosmetics.com\/sr\/wp-json\/wp\/v2\/product\/1896","targetHints":{"allow":["GET"]}}],"collection":[{"href":"https:\/\/malinacosmetics.com\/sr\/wp-json\/wp\/v2\/product"}],"about":[{"href":"https:\/\/malinacosmetics.com\/sr\/wp-json\/wp\/v2\/types\/product"}],"wp:featuredmedia":[{"embeddable":true,"href":"https:\/\/malinacosmetics.com\/sr\/wp-json\/wp\/v2\/media\/1897"}],"wp:attachment":[{"href":"https:\/\/malinacosmetics.com\/sr\/wp-json\/wp\/v2\/media?parent=1896"}],"wp:term":[{"taxonomy":"product_brand","embeddable":true,"href":"https:\/\/malinacosmetics.com\/sr\/wp-json\/wp\/v2\/product_brand?post=1896"},{"taxonomy":"product_cat","embeddable":true,"href":"https:\/\/malinacosmetics.com\/sr\/wp-json\/wp\/v2\/product_cat?post=1896"},{"taxonomy":"product_tag","embeddable":true,"href":"https:\/\/malinacosmetics.com\/sr\/wp-json\/wp\/v2\/product_tag?post=1896"}],"curies":[{"name":"wp","href":"https:\/\/api.w.org\/{rel}","templated":true}]}}