{"id":1884,"date":"2021-08-27T16:32:33","date_gmt":"2021-08-27T13:32:33","guid":{"rendered":"https:\/\/malinacosmetics.com\/?post_type=product&#038;p=1884"},"modified":"2026-02-17T16:32:34","modified_gmt":"2026-02-17T15:32:34","slug":"medi-peel-bio-cell-bb-cream_","status":"publish","type":"product","link":"https:\/\/malinacosmetics.com\/sr\/\u043f\u0440\u043e\u0438\u0437\u0432\u043e\u0434\/medi-peel-bio-cell-bb-cream_\/","title":{"rendered":"Medi-Peel Bio-Cell BB Cream"},"content":{"rendered":"<p class=\"translation-block\">BB-krema Medi-Peel Bio-Cell BB Cream sa hidratantnom i obnavljaju\u0107om formulom kombinuje neguju\u0107a svojstva i toniraju\u0107e prekrivanje, koje se ravnomerno nanosi na ko\u017eu, skrivaju\u0107i nepravilnosti tena, crvenilo i nesavr\u0161enosti. Krem ima svilenkastu teksturu koja popunjava bore i pore, ne uvla\u010di se u njih i ne nagla\u0161ava nesavr\u0161enosti. Proizvod ja\u010da za\u0161titne funkcije ko\u017ee, \u0161tite\u0107i je od negativnih uticaja spolja\u0161nje sredine (toplote, hladno\u0107e, jakog vetra, zaga\u0111enja).<br>\n\nTekstura kreme je srednje gustine, lako se nanosi i blenduje, stvara prirodan, ujedna\u010den sloj bez efekta maske ili filma na licu. Ima satenski zavr\u0161etak sa blagim sjajem, \u0161to ko\u017ei daje sve\u017e i odmoran izgled.<br>\n\nOsnovni sastojci:<br>\n<i>Niacinamid<\/i> \u2013 vodorastvorljiv vitamin B3, ja\u010da za\u0161titnu barijeru ko\u017ee, smanjuje transepidermalni gubitak vlage, ubrzava procese zarastanja, posvetljuje pigmentne mrlje, pege, tragove post-akni, ujedna\u010dava i osve\u017eava ten.<br>\n<i>Adenozin<\/i> aktivira proizvodnju kolagena u \u0107elijama epidermisa, zagla\u0111uje mikroreljef ko\u017ee, popunjava finu mre\u017eu bora, smanjuje dubinu izra\u017eenih bora i nabora, ja\u010da tonus ko\u017ee, \u0161titi \u0107elije od slobodnih radikala i oksidativnih procesa.<br>\n<i>Kompleks peptida<\/i> stimuli\u0161e proizvodnju kolagena i elastina, ja\u010da strukturu ko\u017ee i njene za\u0161titne funkcije, pobolj\u0161ava elasti\u010dnost i \u010dvrstinu ko\u017ee, ubrzava regeneraciju \u0107elija i smanjuje vidljivost bora.<br>\n<i>Hijaluronska kiselina i njeni derivati<\/i> pru\u017eaju duboku hidrataciju, spre\u010davaju isu\u0161ivanje ko\u017ee.<br>\n<i>Alantoin<\/i> ima umiruju\u0107e i regenerativno dejstvo, smanjuje crvenilo i iritacije, hidrira i \u010dini ko\u017eu mek\u0161om.<br><\/p>\n<p><strong><br>Na\u010din upotrebe:<\/strong> Nakon osnovne nege i osnovne \u0161minke, nanesite odgovarajuc\u0301u koli\u010dinu na ruke. Nanesite ga sa unutra\u0161nje strane na spoljnu stranu lica du\u017e teksture ko\u017ee i dodirnite podru\u010dje na kome mo\u017eete videti mrlju.<\/p>\n<hr \/>\n<div><strong><em><em>Sastojci:<\/em><\/em><\/strong><em> Water, Titanium Dioxide, Cyclopentasiloxane, Dipropylene Glycol, Caprylic\/Capric Triglyceride, Cyclohexasiloxane, Ethylhexyl Palmitate, Glycerin, Hexyl Laurate, Phenyl Trimethicone, Cetyl PEG\/PPG-10\/1 Dimethicone, 1,2-Hexanediol, Disteardimonium Hectorite, Magnesium Sulfate, Ceresin, Niacinamide, Sorbitan Sesquioleate, Calcium Aluminum Borosilicate, Triethoxycaprylylsilane, Centella Asiatica Extract, Adenosine, Allantoin, Disodium EDTA, Propanediol, Butylene Glycol, Sodium Hyaluronate Crosspolymer, Tin Oxide, Hydrolyzed Glycosaminoglycans, Sodium Hyaluronate, Benzyl Glycol, Hydrolyzed Hyaluronic Acid, Acetyl Hexapeptide-8, Copper Tripeptide-1, Hyaluronic Acid, Oligopeptide-29, Oligopeptide-32, Raspberry Ketone, Palmitoyl Pentapeptide-4, Pentaerythrityl Tetra-di-t-butyl Hydroxyhydrocinnamate, Ethylhexylglycerin, Fragrance, Yellow Iron Oxide, Red Iron Oxide, Black Iron Oxide.<\/em><\/div>","protected":false},"excerpt":{"rendered":"<p>BB-krema sa hidratantnom i obnavljaju\u0107om formulom. 50ml<\/p>","protected":false},"featured_media":1885,"template":"","meta":{"_acf_changed":false},"product_brand":[],"product_cat":[470,552,224,263,86,354,437,296],"product_tag":[],"class_list":{"0":"post-1884","1":"product","2":"type-product","3":"status-publish","4":"has-post-thumbnail","6":"product_cat-facecream","7":"product_cat-bb-cream","8":"product_cat-antiage","9":"product_cat-revitalizing","10":"product_cat-moisturizing","11":"product_cat-skintone","12":"product_cat-alltypesofskin","13":"product_cat-medi-peel","15":"first","16":"outofstock","17":"shipping-taxable","18":"purchasable","19":"product-type-simple"},"acf":[],"yoast_head":"<!-- This site is optimized with the Yoast SEO Premium plugin v19.6 (Yoast SEO v20.11) - https:\/\/yoast.com\/wordpress\/plugins\/seo\/ -->\n<title>Medi-Peel Bio-Cell BB Cream - Malina Beauty Store<\/title>\n<meta name=\"description\" content=\"BB-\u043a\u0440\u0435\u043c \u0441 \u0444\u0438\u0442\u043e-\u0441\u0442\u0432\u043e\u043b\u043e\u0432\u044b\u043c\u0438 \u043a\u043b\u0435\u0442\u043a\u0430\u043c\u0438 Medi-Peel Bio-Cell BB Cream SPF50+PA+++. Malina Beauty store \u2013 \u0438\u043d\u0442\u0435\u0440\u043d\u0435\u0442-\u043c\u0430\u0433\u0430\u0437\u0438\u043d.\" \/>\n<meta name=\"robots\" content=\"index, follow, max-snippet:-1, max-image-preview:large, max-video-preview:-1\" \/>\n<link rel=\"canonical\" href=\"https:\/\/malinacosmetics.com\/sr\/\u043f\u0440\u043e\u0438\u0437\u0432\u043e\u0434\/medi-peel-bio-cell-bb-cream_\/\" \/>\n<meta property=\"og:locale\" content=\"sr_RS\" \/>\n<meta property=\"og:type\" content=\"article\" \/>\n<meta property=\"og:title\" content=\"Medi-Peel Bio-Cell BB Cream\" \/>\n<meta property=\"og:description\" content=\"BB-\u043a\u0440\u0435\u043c \u0441 \u0444\u0438\u0442\u043e-\u0441\u0442\u0432\u043e\u043b\u043e\u0432\u044b\u043c\u0438 \u043a\u043b\u0435\u0442\u043a\u0430\u043c\u0438 Medi-Peel Bio-Cell BB Cream SPF50+PA+++. Malina Beauty store \u2013 \u0438\u043d\u0442\u0435\u0440\u043d\u0435\u0442-\u043c\u0430\u0433\u0430\u0437\u0438\u043d.\" \/>\n<meta property=\"og:url\" content=\"https:\/\/malinacosmetics.com\/sr\/\u043f\u0440\u043e\u0438\u0437\u0432\u043e\u0434\/medi-peel-bio-cell-bb-cream_\/\" \/>\n<meta property=\"og:site_name\" content=\"Malina Beauty Store\" \/>\n<meta property=\"article:publisher\" content=\"https:\/\/www.facebook.com\/MalinaBeautyShopMe\/\" \/>\n<meta property=\"article:modified_time\" content=\"2026-02-17T15:32:34+00:00\" \/>\n<meta property=\"og:image\" content=\"https:\/\/malinacosmetics.com\/wp-content\/uploads\/2021\/08\/MEDI-PEEL-Bio-Cell-BB-Cream.jpg\" \/>\n\t<meta property=\"og:image:width\" content=\"1200\" \/>\n\t<meta property=\"og:image:height\" content=\"1200\" \/>\n\t<meta property=\"og:image:type\" content=\"image\/jpeg\" \/>\n<meta name=\"twitter:card\" content=\"summary_large_image\" \/>\n<script type=\"application\/ld+json\" class=\"yoast-schema-graph\">{\"@context\":\"https:\/\/schema.org\",\"@graph\":[{\"@type\":[\"WebPage\",\"ItemPage\"],\"@id\":\"https:\/\/malinacosmetics.com\/product\/medi-peel-bio-cell-bb-cream_\/\",\"url\":\"https:\/\/malinacosmetics.com\/product\/medi-peel-bio-cell-bb-cream_\/\",\"name\":\"Medi-Peel Bio-Cell BB Cream - Malina Beauty Store\",\"isPartOf\":{\"@id\":\"https:\/\/malinacosmetics.com\/#website\"},\"datePublished\":\"2021-08-27T13:32:33+00:00\",\"dateModified\":\"2026-02-17T15:32:34+00:00\",\"description\":\"BB-\u043a\u0440\u0435\u043c \u0441 \u0444\u0438\u0442\u043e-\u0441\u0442\u0432\u043e\u043b\u043e\u0432\u044b\u043c\u0438 \u043a\u043b\u0435\u0442\u043a\u0430\u043c\u0438 Medi-Peel Bio-Cell BB Cream SPF50+PA+++. Malina Beauty store \u2013 \u0438\u043d\u0442\u0435\u0440\u043d\u0435\u0442-\u043c\u0430\u0433\u0430\u0437\u0438\u043d.\",\"breadcrumb\":{\"@id\":\"https:\/\/malinacosmetics.com\/product\/medi-peel-bio-cell-bb-cream_\/#breadcrumb\"},\"inLanguage\":\"sr-RS\",\"potentialAction\":[{\"@type\":\"ReadAction\",\"target\":[\"https:\/\/malinacosmetics.com\/product\/medi-peel-bio-cell-bb-cream_\/\"]}]},{\"@type\":\"BreadcrumbList\",\"@id\":\"https:\/\/malinacosmetics.com\/product\/medi-peel-bio-cell-bb-cream_\/#breadcrumb\",\"itemListElement\":[{\"@type\":\"ListItem\",\"position\":1,\"name\":\"\u0413\u043b\u0430\u0432\u043d\u0430\u044f \u0441\u0442\u0440\u0430\u043d\u0438\u0446\u0430\",\"item\":\"https:\/\/malinacosmetics.com\/\"},{\"@type\":\"ListItem\",\"position\":2,\"name\":\"\u041a\u0430\u0442\u0430\u043b\u043e\u0433\",\"item\":\"https:\/\/malinacosmetics.com\/sr\/shop\/\"},{\"@type\":\"ListItem\",\"position\":3,\"name\":\"Medi-Peel Bio-Cell BB Cream\"}]},{\"@type\":\"WebSite\",\"@id\":\"https:\/\/malinacosmetics.com\/#website\",\"url\":\"https:\/\/malinacosmetics.com\/\",\"name\":\"Malina Beauty Store\",\"description\":\"Prodaja korejske kozmetike za Crnu Goru\",\"publisher\":{\"@id\":\"https:\/\/malinacosmetics.com\/#organization\"},\"potentialAction\":[{\"@type\":\"SearchAction\",\"target\":{\"@type\":\"EntryPoint\",\"urlTemplate\":\"https:\/\/malinacosmetics.com\/?s={search_term_string}\"},\"query-input\":\"required name=search_term_string\"}],\"inLanguage\":\"sr-RS\"},{\"@type\":\"Organization\",\"@id\":\"https:\/\/malinacosmetics.com\/#organization\",\"name\":\"malinacosmetics\",\"url\":\"https:\/\/malinacosmetics.com\/\",\"logo\":{\"@type\":\"ImageObject\",\"inLanguage\":\"sr-RS\",\"@id\":\"https:\/\/malinacosmetics.com\/#\/schema\/logo\/image\/\",\"url\":\"https:\/\/malinacosmetics.com\/wp-content\/uploads\/2021\/07\/logo.png\",\"contentUrl\":\"https:\/\/malinacosmetics.com\/wp-content\/uploads\/2021\/07\/logo.png\",\"width\":500,\"height\":353,\"caption\":\"malinacosmetics\"},\"image\":{\"@id\":\"https:\/\/malinacosmetics.com\/#\/schema\/logo\/image\/\"},\"sameAs\":[\"https:\/\/www.facebook.com\/MalinaBeautyShopMe\/\"]}]}<\/script>\n<meta property=\"product:brand\" content=\"simple\" \/>\n<meta property=\"product:price:amount\" content=\"25.00\" \/>\n<meta property=\"product:price:currency\" content=\"EUR\" \/>\n<meta property=\"og:availability\" content=\"out of stock\" \/>\n<meta property=\"product:availability\" content=\"out of stock\" \/>\n<meta property=\"product:condition\" content=\"new\" \/>\n<!-- \/ Yoast SEO Premium plugin. -->","yoast_head_json":{"title":"Medi-Peel Bio-Cell BB Cream - Malina Beauty Store","description":"BB-\u043a\u0440\u0435\u043c \u0441 \u0444\u0438\u0442\u043e-\u0441\u0442\u0432\u043e\u043b\u043e\u0432\u044b\u043c\u0438 \u043a\u043b\u0435\u0442\u043a\u0430\u043c\u0438 Medi-Peel Bio-Cell BB Cream SPF50+PA+++. Malina Beauty store \u2013 \u0438\u043d\u0442\u0435\u0440\u043d\u0435\u0442-\u043c\u0430\u0433\u0430\u0437\u0438\u043d.","robots":{"index":"index","follow":"follow","max-snippet":"max-snippet:-1","max-image-preview":"max-image-preview:large","max-video-preview":"max-video-preview:-1"},"canonical":"https:\/\/malinacosmetics.com\/sr\/\u043f\u0440\u043e\u0438\u0437\u0432\u043e\u0434\/medi-peel-bio-cell-bb-cream_\/","og_locale":"sr_RS","og_type":"article","og_title":"Medi-Peel Bio-Cell BB Cream","og_description":"BB-\u043a\u0440\u0435\u043c \u0441 \u0444\u0438\u0442\u043e-\u0441\u0442\u0432\u043e\u043b\u043e\u0432\u044b\u043c\u0438 \u043a\u043b\u0435\u0442\u043a\u0430\u043c\u0438 Medi-Peel Bio-Cell BB Cream SPF50+PA+++. Malina Beauty store \u2013 \u0438\u043d\u0442\u0435\u0440\u043d\u0435\u0442-\u043c\u0430\u0433\u0430\u0437\u0438\u043d.","og_url":"https:\/\/malinacosmetics.com\/sr\/\u043f\u0440\u043e\u0438\u0437\u0432\u043e\u0434\/medi-peel-bio-cell-bb-cream_\/","og_site_name":"Malina Beauty Store","article_publisher":"https:\/\/www.facebook.com\/MalinaBeautyShopMe\/","article_modified_time":"2026-02-17T15:32:34+00:00","og_image":[{"width":1200,"height":1200,"url":"https:\/\/malinacosmetics.com\/wp-content\/uploads\/2021\/08\/MEDI-PEEL-Bio-Cell-BB-Cream.jpg","type":"image\/jpeg"}],"twitter_card":"summary_large_image","schema":{"@context":"https:\/\/schema.org","@graph":[{"@type":["WebPage","ItemPage"],"@id":"https:\/\/malinacosmetics.com\/product\/medi-peel-bio-cell-bb-cream_\/","url":"https:\/\/malinacosmetics.com\/product\/medi-peel-bio-cell-bb-cream_\/","name":"Medi-Peel Bio-Cell BB Cream - Malina Beauty Store","isPartOf":{"@id":"https:\/\/malinacosmetics.com\/#website"},"datePublished":"2021-08-27T13:32:33+00:00","dateModified":"2026-02-17T15:32:34+00:00","description":"BB-\u043a\u0440\u0435\u043c \u0441 \u0444\u0438\u0442\u043e-\u0441\u0442\u0432\u043e\u043b\u043e\u0432\u044b\u043c\u0438 \u043a\u043b\u0435\u0442\u043a\u0430\u043c\u0438 Medi-Peel Bio-Cell BB Cream SPF50+PA+++. Malina Beauty store \u2013 \u0438\u043d\u0442\u0435\u0440\u043d\u0435\u0442-\u043c\u0430\u0433\u0430\u0437\u0438\u043d.","breadcrumb":{"@id":"https:\/\/malinacosmetics.com\/product\/medi-peel-bio-cell-bb-cream_\/#breadcrumb"},"inLanguage":"sr-RS","potentialAction":[{"@type":"ReadAction","target":["https:\/\/malinacosmetics.com\/product\/medi-peel-bio-cell-bb-cream_\/"]}]},{"@type":"BreadcrumbList","@id":"https:\/\/malinacosmetics.com\/product\/medi-peel-bio-cell-bb-cream_\/#breadcrumb","itemListElement":[{"@type":"ListItem","position":1,"name":"\u0413\u043b\u0430\u0432\u043d\u0430\u044f \u0441\u0442\u0440\u0430\u043d\u0438\u0446\u0430","item":"https:\/\/malinacosmetics.com\/"},{"@type":"ListItem","position":2,"name":"\u041a\u0430\u0442\u0430\u043b\u043e\u0433","item":"https:\/\/malinacosmetics.com\/sr\/shop\/"},{"@type":"ListItem","position":3,"name":"Medi-Peel Bio-Cell BB Cream"}]},{"@type":"WebSite","@id":"https:\/\/malinacosmetics.com\/#website","url":"https:\/\/malinacosmetics.com\/","name":"Malina Beauty Store","description":"Prodaja korejske kozmetike za Crnu Goru","publisher":{"@id":"https:\/\/malinacosmetics.com\/#organization"},"potentialAction":[{"@type":"SearchAction","target":{"@type":"EntryPoint","urlTemplate":"https:\/\/malinacosmetics.com\/?s={search_term_string}"},"query-input":"required name=search_term_string"}],"inLanguage":"sr-RS"},{"@type":"Organization","@id":"https:\/\/malinacosmetics.com\/#organization","name":"malinacosmetics","url":"https:\/\/malinacosmetics.com\/","logo":{"@type":"ImageObject","inLanguage":"sr-RS","@id":"https:\/\/malinacosmetics.com\/#\/schema\/logo\/image\/","url":"https:\/\/malinacosmetics.com\/wp-content\/uploads\/2021\/07\/logo.png","contentUrl":"https:\/\/malinacosmetics.com\/wp-content\/uploads\/2021\/07\/logo.png","width":500,"height":353,"caption":"malinacosmetics"},"image":{"@id":"https:\/\/malinacosmetics.com\/#\/schema\/logo\/image\/"},"sameAs":["https:\/\/www.facebook.com\/MalinaBeautyShopMe\/"]}]},"product_brand":"simple","product_price_amount":"25.00","product_price_currency":"EUR","og_availability":"out of stock","product_availability":"out of stock","product_condition":"new"},"jetpack_sharing_enabled":true,"_links":{"self":[{"href":"https:\/\/malinacosmetics.com\/sr\/wp-json\/wp\/v2\/product\/1884","targetHints":{"allow":["GET"]}}],"collection":[{"href":"https:\/\/malinacosmetics.com\/sr\/wp-json\/wp\/v2\/product"}],"about":[{"href":"https:\/\/malinacosmetics.com\/sr\/wp-json\/wp\/v2\/types\/product"}],"wp:featuredmedia":[{"embeddable":true,"href":"https:\/\/malinacosmetics.com\/sr\/wp-json\/wp\/v2\/media\/1885"}],"wp:attachment":[{"href":"https:\/\/malinacosmetics.com\/sr\/wp-json\/wp\/v2\/media?parent=1884"}],"wp:term":[{"taxonomy":"product_brand","embeddable":true,"href":"https:\/\/malinacosmetics.com\/sr\/wp-json\/wp\/v2\/product_brand?post=1884"},{"taxonomy":"product_cat","embeddable":true,"href":"https:\/\/malinacosmetics.com\/sr\/wp-json\/wp\/v2\/product_cat?post=1884"},{"taxonomy":"product_tag","embeddable":true,"href":"https:\/\/malinacosmetics.com\/sr\/wp-json\/wp\/v2\/product_tag?post=1884"}],"curies":[{"name":"wp","href":"https:\/\/api.w.org\/{rel}","templated":true}]}}