{"id":867,"date":"2021-07-08T15:45:16","date_gmt":"2021-07-08T12:45:16","guid":{"rendered":"https:\/\/malinacosmetics.com\/?page_id=867"},"modified":"2023-12-21T16:23:18","modified_gmt":"2023-12-21T15:23:18","slug":"o-nas","status":"publish","type":"page","link":"https:\/\/malinacosmetics.com\/sr\/o-nas\/","title":{"rendered":"O nama"},"content":{"rendered":"<p>&nbsp;<\/p>\r\n\r\n\r\n<div class=\"wp-block-image\">\r\n<figure class=\"aligncenter size-full\"><img loading=\"lazy\" decoding=\"async\" width=\"854\" height=\"1280\" class=\"wp-image-5012\" src=\"https:\/\/malinacosmetics.com\/wp-content\/uploads\/2023\/12\/photo_2023-12-21-13.26.13-min.jpeg\" alt=\"\" \/><\/figure>\r\n<\/div>\r\n\r\n\r\n<p><strong><span class=\"has-inline-color\" style=\"color: #53ccbb;\">MALINA BEAUTY<\/span><\/strong> je simbioza lepote, prirodnosti i poverenja.<\/p>\r\n\r\n\r\n\r\n<p><strong><mark class=\"has-inline-color\" style=\"background-color: rgba(0, 0, 0, 0); color: #53ccbb;\"><strong>MALINA BEAUTY<\/strong> Store<\/mark><\/strong>\u00a0\u2014 je eko-sajt, velika i pogodna online prodavnica sertifikovane i bezbedne kozmetike. Jedinstven internet prostor koji okuplja najbolje kozmeti\u010dke brendove iz Evrope i kozmetike iz Ju\u017ene Koreje koji su toliko popularni i voljeni \u0161irom sveta.\u00a0<\/p>\r\n\r\n\r\n\r\n<p>Mi smo Ekskluzivni zastupnici korejskog premium brenda Medi-Peel za Srbiju i Crnu Goru. U na\u0161oj radnji mo\u017eete kupiti originalnu Medi-Peel kozmetiku sa dostavom \u0161irom Crne Gore. Svi proizvodi nabavljamo direktno od proizvo\u0111a\u010da sa sertifikatima kvaliteta.<\/p>\r\n\r\n\r\n\r\n\r\n<div class=\"wp-block-image\">\r\n<figure class=\"aligncenter size-large\"><img loading=\"lazy\" decoding=\"async\" width=\"986\" height=\"1024\" class=\"wp-image-5368\" src=\"https:\/\/malinacosmetics.com\/wp-content\/uploads\/2023\/05\/photo_2023-05-24-20.18.38-986x1024.jpeg\" alt=\"\" srcset=\"https:\/\/malinacosmetics.com\/wp-content\/uploads\/2023\/05\/photo_2023-05-24-20.18.38-986x1024.jpeg 986w, https:\/\/malinacosmetics.com\/wp-content\/uploads\/2023\/05\/photo_2023-05-24-20.18.38-289x300.jpeg 289w, https:\/\/malinacosmetics.com\/wp-content\/uploads\/2023\/05\/photo_2023-05-24-20.18.38-768x797.jpeg 768w, https:\/\/malinacosmetics.com\/wp-content\/uploads\/2023\/05\/photo_2023-05-24-20.18.38-12x12.jpeg 12w, https:\/\/malinacosmetics.com\/wp-content\/uploads\/2023\/05\/photo_2023-05-24-20.18.38.jpeg 1233w\" sizes=\"auto, (max-width: 986px) 100vw, 986px\" \/><\/figure>\r\n<\/div>\r\n\r\n\r\n<p>Na\u0161a kompanija je 2023. godine dobila sertifikat kojim se potvr\u0111uje da smo, kao poslovni subjekt, u grupi preduze\u0107a s najboljom bonitetnom ocjenom u Crnoj Gori.<\/p>\r\n<p><img loading=\"lazy\" decoding=\"async\" class=\"wp-image-5802 size-full alignnone\" src=\"https:\/\/malinacosmetics.com\/wp-content\/uploads\/2023\/11\/photo_2023-11-05-21.43.45.jpeg\" alt=\"\" width=\"904\" height=\"1280\" srcset=\"https:\/\/malinacosmetics.com\/wp-content\/uploads\/2023\/11\/photo_2023-11-05-21.43.45.jpeg 904w, https:\/\/malinacosmetics.com\/wp-content\/uploads\/2023\/11\/photo_2023-11-05-21.43.45-212x300.jpeg 212w, https:\/\/malinacosmetics.com\/wp-content\/uploads\/2023\/11\/photo_2023-11-05-21.43.45-723x1024.jpeg 723w, https:\/\/malinacosmetics.com\/wp-content\/uploads\/2023\/11\/photo_2023-11-05-21.43.45-768x1087.jpeg 768w, https:\/\/malinacosmetics.com\/wp-content\/uploads\/2023\/11\/photo_2023-11-05-21.43.45-8x12.jpeg 8w\" sizes=\"auto, (max-width: 904px) 100vw, 904px\" \/><\/p>\r\n\r\n\r\n\r\n<p>Svakog dana, moj tim i ja biramo i testiramo ogromnu koli\u010dinu kozmetike. Najbolje preparate dolaze u na\u0161u online prodavnicu, nakon vi\u0161estruke provere na odsutstvo alergena i sumnjivih sastojaka. Mi sami rado koristimo proizvode na\u0161e prodavnice.<\/p>\r\n\r\n\r\n\r\n<p>Svaki proizvod iz na\u0161eg kataloga ima 100% dokazanu efikasnost i sertifikate kvaliteta. Za svaki kozmeti\u010dki proizvod se pravi interna dokumentacija kako bismo \u0161to preciznije mogli odabrati sredstva za negu na\u0161im klijentima. Sa velikim zadovoljstvom i posebnom pa\u017enjom konsultujemo svakog kupca i biramo proizvode.<\/p>\r\n\r\n\r\n\r\n<p>Na\u0161a ideologija je jednostavna i jasna: svaka devojka je lepa i bo\u017eanstvena, a mi samo poma\u017eemo u odabiru preparata va\u0161u prirodnu lepotu i jedinstvenost.<\/p>\r\n\r\n\r\n\r\n<p>&#8212;<\/p>\r\n\r\n\r\n\r\n<p><em>Sa velikom ljubavlju i negom,<\/em> <br \/><em><strong>Marija Emelianova,\u00a0<\/strong><\/em><br \/><em>vlasnica i osniva\u010dica MALINA BEAUTY<\/em><\/p>","protected":false},"excerpt":{"rendered":"<p>&nbsp; MALINA BEAUTY \u044d\u0442\u043e \u0441\u0438\u043c\u0431\u0438\u043e\u0437 \u043a\u0440\u0430\u0441\u043e\u0442\u044b, \u0435\u0441\u0442\u0435\u0441\u0442\u0432\u0435\u043d\u043d\u043e\u0441\u0442\u0438 \u0438 \u0434\u043e\u0432\u0435\u0440\u0438\u044f. MALINA BEAUTY Store\u00a0&#8212; \u044d\u043a\u043e-\u043f\u043b\u043e\u0449\u0430\u0434\u043a\u0430,\u00a0 \u0431\u043e\u043b\u044c\u0448\u043e\u0439 \u0438 \u0443\u0434\u043e\u0431\u043d\u044b\u0439 \u0438\u043d\u0442\u0435\u0440\u043d\u0435\u0442-\u043c\u0430\u0433\u0430\u0437\u0438\u043d \u0441\u0435\u0440\u0442\u0438\u0444\u0438\u0446\u0438\u0440\u043e\u0432\u0430\u043d\u043d\u043e\u0439 \u0438 \u0431\u0435\u0437\u043e\u043f\u0430\u0441\u043d\u043e\u0439 \u043a\u043e\u0441\u043c\u0435\u0442\u0438\u043a\u0438. \u0423\u043d\u0438\u043a\u0430\u043b\u044c\u043d\u043e\u0435 \u0438\u043d\u0442\u0435\u0440\u043d\u0435\u0442-\u043f\u0440\u043e\u0441\u0442\u0440\u0430\u043d\u0441\u0442\u0432\u043e, \u0432 \u043a\u043e\u0442\u043e\u0440\u043e\u043c \u0441\u043e\u0431\u0440\u0430\u043d\u044b \u043b\u0443\u0447\u0448\u0438\u0435 \u0431\u0440\u0435\u043d\u0434\u044b \u0435\u0432\u0440\u043e\u043f\u0435\u0439\u0441\u043a\u043e\u0439 \u043a\u043e\u0441\u043c\u0435\u0442\u0438\u043a\u0438 \u0438 \u0442\u0430\u043a\u043e\u0439 \u043f\u043e\u043f\u0443\u043b\u044f\u0440\u043d\u043e\u0439\u00a0 \u0438 \u043b\u044e\u0431\u0438\u043c\u043e\u0439 \u0432\u043e \u0432\u0441\u0451\u043c \u043c\u0438\u0440\u0435 \u043a\u043e\u0441\u043c\u0435\u0442\u0438\u043a\u0438 \u0438\u0437 \u042e\u0436\u043d\u043e\u0439 \u041a\u043e\u0440\u0435\u0438.\u00a0 \u041d\u0430\u0448\u0430 \u043a\u043e\u043c\u043f\u0430\u043d\u0438\u044f \u044f\u0432\u043b\u044f\u0435\u0442\u0441\u044f \u0435\u0434\u0438\u043d\u0441\u0442\u0432\u0435\u043d\u043d\u044b\u043c \u044d\u043a\u0441\u043a\u043b\u044e\u0437\u0438\u0432\u043d\u044b\u043c \u0442\u043e\u0440\u0433\u043e\u0432\u044b\u043c \u043f\u0440\u0435\u0434\u0441\u0442\u0430\u0432\u0438\u0442\u0435\u043b\u0435\u043c \u043a\u043e\u0440\u0435\u0439\u0441\u043a\u043e\u0439 \u043a\u043e\u0441\u043c\u0435\u0442\u0438\u043a\u0438 \u043f\u0440\u0435\u043c\u0438\u0443\u043c \u043a\u043b\u0430\u0441\u0441\u0430 Medi-Peel \u043d\u0430 [&hellip;]<\/p>","protected":false},"author":1,"featured_media":0,"parent":0,"menu_order":17,"comment_status":"closed","ping_status":"closed","template":"","meta":{"_acf_changed":false,"footnotes":""},"class_list":["post-867","page","type-page","status-publish","hentry"],"acf":[],"yoast_head":"<!-- This site is optimized with the Yoast SEO Premium plugin v19.6 (Yoast SEO v20.11) - https:\/\/yoast.com\/wordpress\/plugins\/seo\/ -->\n<title>\u041e \u043d\u0430\u0441 - Malina Beauty Store<\/title>\n<meta name=\"description\" content=\"Malina Cosmetics \u2013 \u042d\u043a\u043e-\u043f\u043b\u043e\u0449\u0430\u0434\u043a\u0430, \u0431\u043e\u043b\u044c\u0448\u043e\u0439 \u0438 \u0443\u0434\u043e\u0431\u043d\u044b\u0439 \u0438\u043d\u0442\u0435\u0440\u043d\u0435\u0442-\u043c\u0430\u0433\u0430\u0437\u0438\u043d \u0441\u0435\u0440\u0442\u0438\u0444\u0438\u0446\u0438\u0440\u043e\u0432\u0430\u043d\u043d\u043e\u0439 \u0438 \u0431\u0435\u0437\u043e\u043f\u0430\u0441\u043d\u043e\u0439 \u043a\u043e\u0441\u043c\u0435\u0442\u0438\u043a\u0438. \u0423\u043d\u0438\u043a\u0430\u043b\u044c\u043d\u043e\u0435 \u0438\u043d\u0442\u0435\u0440\u043d\u0435\u0442 \u043f\u0440\u043e\u0441\u0442\u0440\u0430\u043d\u0441\u0442\u0432\u043e, \u0432 \u043a\u043e\u0442\u043e\u0440\u043e\u043c \u0441\u043e\u0431\u0440\u0430\u043d\u044b \u043b\u0443\u0447\u0448\u0438\u0435 \u0431\u0440\u0435\u043d\u0434\u044b \u0435\u0432\u0440\u043e\u043f\u0435\u0439\u0441\u043a\u043e\u0439 \u043a\u043e\u0441\u043c\u0435\u0442\u0438\u043a\u0438 \u0438 \u0442\u0430\u043a\u043e\u0439 \u043f\u043e\u043f\u0443\u043b\u044f\u0440\u043d\u043e\u0439 \u0438 \u043b\u044e\u0431\u0438\u043c\u043e\u0439 \u0432\u043e \u0432\u0441\u0451\u043c \u043c\u0438\u0440\u0435 \u043a\u043e\u0441\u043c\u0435\u0442\u0438\u043a\u0438 \u0438\u0437 \u042e\u0436\u043d\u043e\u0439 \u041a\u043e\u0440\u0435\u0438. \u041d\u0430\u0448\u0430 \u043a\u043e\u043c\u043f\u0430\u043d\u0438\u044f \u044f\u0432\u043b\u044f\u0435\u0442\u0441\u044f \u0435\u0434\u0438\u043d\u0441\u0442\u0432\u0435\u043d\u043d\u044b\u043c \u044d\u043a\u0441\u043a\u043b\u044e\u0437\u0438\u0432\u043d\u044b\u043c \u0442\u043e\u0440\u0433\u043e\u0432\u044b\u043c \u043f\u0440\u0435\u0434\u0441\u0442\u0430\u0432\u0438\u0442\u0435\u043b\u0435\u043c \u043a\u043e\u0441\u043c\u0435\u0442\u0438\u043a\u0438 \u043f\u0440\u0435\u043c\u0438\u0443\u043c \u043a\u043b\u0430\u0441\u0441\u0430 Medi Peel \u043d\u0430 \u0411\u0430\u043b\u043a\u0430\u043d\u0430\u0445.\" \/>\n<meta name=\"robots\" content=\"index, follow, max-snippet:-1, max-image-preview:large, max-video-preview:-1\" \/>\n<link rel=\"canonical\" href=\"https:\/\/malinacosmetics.com\/sr\/o-nas\/\" \/>\n<meta property=\"og:locale\" content=\"sr_RS\" \/>\n<meta property=\"og:type\" content=\"article\" \/>\n<meta property=\"og:title\" content=\"\u041e \u043d\u0430\u0441\" \/>\n<meta property=\"og:description\" content=\"Malina Cosmetics \u2013 \u042d\u043a\u043e-\u043f\u043b\u043e\u0449\u0430\u0434\u043a\u0430, \u0431\u043e\u043b\u044c\u0448\u043e\u0439 \u0438 \u0443\u0434\u043e\u0431\u043d\u044b\u0439 \u0438\u043d\u0442\u0435\u0440\u043d\u0435\u0442-\u043c\u0430\u0433\u0430\u0437\u0438\u043d \u0441\u0435\u0440\u0442\u0438\u0444\u0438\u0446\u0438\u0440\u043e\u0432\u0430\u043d\u043d\u043e\u0439 \u0438 \u0431\u0435\u0437\u043e\u043f\u0430\u0441\u043d\u043e\u0439 \u043a\u043e\u0441\u043c\u0435\u0442\u0438\u043a\u0438. \u0423\u043d\u0438\u043a\u0430\u043b\u044c\u043d\u043e\u0435 \u0438\u043d\u0442\u0435\u0440\u043d\u0435\u0442 \u043f\u0440\u043e\u0441\u0442\u0440\u0430\u043d\u0441\u0442\u0432\u043e, \u0432 \u043a\u043e\u0442\u043e\u0440\u043e\u043c \u0441\u043e\u0431\u0440\u0430\u043d\u044b \u043b\u0443\u0447\u0448\u0438\u0435 \u0431\u0440\u0435\u043d\u0434\u044b \u0435\u0432\u0440\u043e\u043f\u0435\u0439\u0441\u043a\u043e\u0439 \u043a\u043e\u0441\u043c\u0435\u0442\u0438\u043a\u0438 \u0438 \u0442\u0430\u043a\u043e\u0439 \u043f\u043e\u043f\u0443\u043b\u044f\u0440\u043d\u043e\u0439 \u0438 \u043b\u044e\u0431\u0438\u043c\u043e\u0439 \u0432\u043e \u0432\u0441\u0451\u043c \u043c\u0438\u0440\u0435 \u043a\u043e\u0441\u043c\u0435\u0442\u0438\u043a\u0438 \u0438\u0437 \u042e\u0436\u043d\u043e\u0439 \u041a\u043e\u0440\u0435\u0438. \u041d\u0430\u0448\u0430 \u043a\u043e\u043c\u043f\u0430\u043d\u0438\u044f \u044f\u0432\u043b\u044f\u0435\u0442\u0441\u044f \u0435\u0434\u0438\u043d\u0441\u0442\u0432\u0435\u043d\u043d\u044b\u043c \u044d\u043a\u0441\u043a\u043b\u044e\u0437\u0438\u0432\u043d\u044b\u043c \u0442\u043e\u0440\u0433\u043e\u0432\u044b\u043c \u043f\u0440\u0435\u0434\u0441\u0442\u0430\u0432\u0438\u0442\u0435\u043b\u0435\u043c \u043a\u043e\u0441\u043c\u0435\u0442\u0438\u043a\u0438 \u043f\u0440\u0435\u043c\u0438\u0443\u043c \u043a\u043b\u0430\u0441\u0441\u0430 Medi Peel \u043d\u0430 \u0411\u0430\u043b\u043a\u0430\u043d\u0430\u0445.\" \/>\n<meta property=\"og:url\" content=\"https:\/\/malinacosmetics.com\/sr\/o-nas\/\" \/>\n<meta property=\"og:site_name\" content=\"Malina Beauty Store\" \/>\n<meta property=\"article:publisher\" content=\"https:\/\/www.facebook.com\/MalinaBeautyShopMe\/\" \/>\n<meta property=\"article:modified_time\" content=\"2023-12-21T15:23:18+00:00\" \/>\n<meta property=\"og:image\" content=\"https:\/\/malinacosmetics.com\/wp-content\/uploads\/2023\/12\/photo_2023-12-21-13.26.13-min.jpeg\" \/>\n<meta name=\"twitter:card\" content=\"summary_large_image\" \/>\n<script type=\"application\/ld+json\" class=\"yoast-schema-graph\">{\"@context\":\"https:\/\/schema.org\",\"@graph\":[{\"@type\":\"WebPage\",\"@id\":\"https:\/\/malinacosmetics.com\/o-nas\/\",\"url\":\"https:\/\/malinacosmetics.com\/o-nas\/\",\"name\":\"\u041e \u043d\u0430\u0441 - Malina Beauty Store\",\"isPartOf\":{\"@id\":\"https:\/\/malinacosmetics.com\/#website\"},\"datePublished\":\"2021-07-08T12:45:16+00:00\",\"dateModified\":\"2023-12-21T15:23:18+00:00\",\"description\":\"Malina Cosmetics \u2013 \u042d\u043a\u043e-\u043f\u043b\u043e\u0449\u0430\u0434\u043a\u0430, \u0431\u043e\u043b\u044c\u0448\u043e\u0439 \u0438 \u0443\u0434\u043e\u0431\u043d\u044b\u0439 \u0438\u043d\u0442\u0435\u0440\u043d\u0435\u0442-\u043c\u0430\u0433\u0430\u0437\u0438\u043d \u0441\u0435\u0440\u0442\u0438\u0444\u0438\u0446\u0438\u0440\u043e\u0432\u0430\u043d\u043d\u043e\u0439 \u0438 \u0431\u0435\u0437\u043e\u043f\u0430\u0441\u043d\u043e\u0439 \u043a\u043e\u0441\u043c\u0435\u0442\u0438\u043a\u0438. \u0423\u043d\u0438\u043a\u0430\u043b\u044c\u043d\u043e\u0435 \u0438\u043d\u0442\u0435\u0440\u043d\u0435\u0442 \u043f\u0440\u043e\u0441\u0442\u0440\u0430\u043d\u0441\u0442\u0432\u043e, \u0432 \u043a\u043e\u0442\u043e\u0440\u043e\u043c \u0441\u043e\u0431\u0440\u0430\u043d\u044b \u043b\u0443\u0447\u0448\u0438\u0435 \u0431\u0440\u0435\u043d\u0434\u044b \u0435\u0432\u0440\u043e\u043f\u0435\u0439\u0441\u043a\u043e\u0439 \u043a\u043e\u0441\u043c\u0435\u0442\u0438\u043a\u0438 \u0438 \u0442\u0430\u043a\u043e\u0439 \u043f\u043e\u043f\u0443\u043b\u044f\u0440\u043d\u043e\u0439 \u0438 \u043b\u044e\u0431\u0438\u043c\u043e\u0439 \u0432\u043e \u0432\u0441\u0451\u043c \u043c\u0438\u0440\u0435 \u043a\u043e\u0441\u043c\u0435\u0442\u0438\u043a\u0438 \u0438\u0437 \u042e\u0436\u043d\u043e\u0439 \u041a\u043e\u0440\u0435\u0438. \u041d\u0430\u0448\u0430 \u043a\u043e\u043c\u043f\u0430\u043d\u0438\u044f \u044f\u0432\u043b\u044f\u0435\u0442\u0441\u044f \u0435\u0434\u0438\u043d\u0441\u0442\u0432\u0435\u043d\u043d\u044b\u043c \u044d\u043a\u0441\u043a\u043b\u044e\u0437\u0438\u0432\u043d\u044b\u043c \u0442\u043e\u0440\u0433\u043e\u0432\u044b\u043c \u043f\u0440\u0435\u0434\u0441\u0442\u0430\u0432\u0438\u0442\u0435\u043b\u0435\u043c \u043a\u043e\u0441\u043c\u0435\u0442\u0438\u043a\u0438 \u043f\u0440\u0435\u043c\u0438\u0443\u043c \u043a\u043b\u0430\u0441\u0441\u0430 Medi Peel \u043d\u0430 \u0411\u0430\u043b\u043a\u0430\u043d\u0430\u0445.\",\"breadcrumb\":{\"@id\":\"https:\/\/malinacosmetics.com\/o-nas\/#breadcrumb\"},\"inLanguage\":\"sr-RS\",\"potentialAction\":[{\"@type\":\"ReadAction\",\"target\":[\"https:\/\/malinacosmetics.com\/o-nas\/\"]}]},{\"@type\":\"BreadcrumbList\",\"@id\":\"https:\/\/malinacosmetics.com\/o-nas\/#breadcrumb\",\"itemListElement\":[{\"@type\":\"ListItem\",\"position\":1,\"name\":\"\u0413\u043b\u0430\u0432\u043d\u0430\u044f \u0441\u0442\u0440\u0430\u043d\u0438\u0446\u0430\",\"item\":\"https:\/\/malinacosmetics.com\/\"},{\"@type\":\"ListItem\",\"position\":2,\"name\":\"\u041e \u043d\u0430\u0441\"}]},{\"@type\":\"WebSite\",\"@id\":\"https:\/\/malinacosmetics.com\/#website\",\"url\":\"https:\/\/malinacosmetics.com\/\",\"name\":\"Malina Beauty Store\",\"description\":\"Prodaja korejske kozmetike za Crnu Goru\",\"publisher\":{\"@id\":\"https:\/\/malinacosmetics.com\/#organization\"},\"potentialAction\":[{\"@type\":\"SearchAction\",\"target\":{\"@type\":\"EntryPoint\",\"urlTemplate\":\"https:\/\/malinacosmetics.com\/?s={search_term_string}\"},\"query-input\":\"required name=search_term_string\"}],\"inLanguage\":\"sr-RS\"},{\"@type\":\"Organization\",\"@id\":\"https:\/\/malinacosmetics.com\/#organization\",\"name\":\"malinacosmetics\",\"url\":\"https:\/\/malinacosmetics.com\/\",\"logo\":{\"@type\":\"ImageObject\",\"inLanguage\":\"sr-RS\",\"@id\":\"https:\/\/malinacosmetics.com\/#\/schema\/logo\/image\/\",\"url\":\"https:\/\/malinacosmetics.com\/wp-content\/uploads\/2021\/07\/logo.png\",\"contentUrl\":\"https:\/\/malinacosmetics.com\/wp-content\/uploads\/2021\/07\/logo.png\",\"width\":500,\"height\":353,\"caption\":\"malinacosmetics\"},\"image\":{\"@id\":\"https:\/\/malinacosmetics.com\/#\/schema\/logo\/image\/\"},\"sameAs\":[\"https:\/\/www.facebook.com\/MalinaBeautyShopMe\/\"]}]}<\/script>\n<!-- \/ Yoast SEO Premium plugin. -->","yoast_head_json":{"title":"\u041e \u043d\u0430\u0441 - Malina Beauty Store","description":"Malina Cosmetics \u2013 \u042d\u043a\u043e-\u043f\u043b\u043e\u0449\u0430\u0434\u043a\u0430, \u0431\u043e\u043b\u044c\u0448\u043e\u0439 \u0438 \u0443\u0434\u043e\u0431\u043d\u044b\u0439 \u0438\u043d\u0442\u0435\u0440\u043d\u0435\u0442-\u043c\u0430\u0433\u0430\u0437\u0438\u043d \u0441\u0435\u0440\u0442\u0438\u0444\u0438\u0446\u0438\u0440\u043e\u0432\u0430\u043d\u043d\u043e\u0439 \u0438 \u0431\u0435\u0437\u043e\u043f\u0430\u0441\u043d\u043e\u0439 \u043a\u043e\u0441\u043c\u0435\u0442\u0438\u043a\u0438. \u0423\u043d\u0438\u043a\u0430\u043b\u044c\u043d\u043e\u0435 \u0438\u043d\u0442\u0435\u0440\u043d\u0435\u0442 \u043f\u0440\u043e\u0441\u0442\u0440\u0430\u043d\u0441\u0442\u0432\u043e, \u0432 \u043a\u043e\u0442\u043e\u0440\u043e\u043c \u0441\u043e\u0431\u0440\u0430\u043d\u044b \u043b\u0443\u0447\u0448\u0438\u0435 \u0431\u0440\u0435\u043d\u0434\u044b \u0435\u0432\u0440\u043e\u043f\u0435\u0439\u0441\u043a\u043e\u0439 \u043a\u043e\u0441\u043c\u0435\u0442\u0438\u043a\u0438 \u0438 \u0442\u0430\u043a\u043e\u0439 \u043f\u043e\u043f\u0443\u043b\u044f\u0440\u043d\u043e\u0439 \u0438 \u043b\u044e\u0431\u0438\u043c\u043e\u0439 \u0432\u043e \u0432\u0441\u0451\u043c \u043c\u0438\u0440\u0435 \u043a\u043e\u0441\u043c\u0435\u0442\u0438\u043a\u0438 \u0438\u0437 \u042e\u0436\u043d\u043e\u0439 \u041a\u043e\u0440\u0435\u0438. \u041d\u0430\u0448\u0430 \u043a\u043e\u043c\u043f\u0430\u043d\u0438\u044f \u044f\u0432\u043b\u044f\u0435\u0442\u0441\u044f \u0435\u0434\u0438\u043d\u0441\u0442\u0432\u0435\u043d\u043d\u044b\u043c \u044d\u043a\u0441\u043a\u043b\u044e\u0437\u0438\u0432\u043d\u044b\u043c \u0442\u043e\u0440\u0433\u043e\u0432\u044b\u043c \u043f\u0440\u0435\u0434\u0441\u0442\u0430\u0432\u0438\u0442\u0435\u043b\u0435\u043c \u043a\u043e\u0441\u043c\u0435\u0442\u0438\u043a\u0438 \u043f\u0440\u0435\u043c\u0438\u0443\u043c \u043a\u043b\u0430\u0441\u0441\u0430 Medi Peel \u043d\u0430 \u0411\u0430\u043b\u043a\u0430\u043d\u0430\u0445.","robots":{"index":"index","follow":"follow","max-snippet":"max-snippet:-1","max-image-preview":"max-image-preview:large","max-video-preview":"max-video-preview:-1"},"canonical":"https:\/\/malinacosmetics.com\/sr\/o-nas\/","og_locale":"sr_RS","og_type":"article","og_title":"\u041e \u043d\u0430\u0441","og_description":"Malina Cosmetics \u2013 \u042d\u043a\u043e-\u043f\u043b\u043e\u0449\u0430\u0434\u043a\u0430, \u0431\u043e\u043b\u044c\u0448\u043e\u0439 \u0438 \u0443\u0434\u043e\u0431\u043d\u044b\u0439 \u0438\u043d\u0442\u0435\u0440\u043d\u0435\u0442-\u043c\u0430\u0433\u0430\u0437\u0438\u043d \u0441\u0435\u0440\u0442\u0438\u0444\u0438\u0446\u0438\u0440\u043e\u0432\u0430\u043d\u043d\u043e\u0439 \u0438 \u0431\u0435\u0437\u043e\u043f\u0430\u0441\u043d\u043e\u0439 \u043a\u043e\u0441\u043c\u0435\u0442\u0438\u043a\u0438. \u0423\u043d\u0438\u043a\u0430\u043b\u044c\u043d\u043e\u0435 \u0438\u043d\u0442\u0435\u0440\u043d\u0435\u0442 \u043f\u0440\u043e\u0441\u0442\u0440\u0430\u043d\u0441\u0442\u0432\u043e, \u0432 \u043a\u043e\u0442\u043e\u0440\u043e\u043c \u0441\u043e\u0431\u0440\u0430\u043d\u044b \u043b\u0443\u0447\u0448\u0438\u0435 \u0431\u0440\u0435\u043d\u0434\u044b \u0435\u0432\u0440\u043e\u043f\u0435\u0439\u0441\u043a\u043e\u0439 \u043a\u043e\u0441\u043c\u0435\u0442\u0438\u043a\u0438 \u0438 \u0442\u0430\u043a\u043e\u0439 \u043f\u043e\u043f\u0443\u043b\u044f\u0440\u043d\u043e\u0439 \u0438 \u043b\u044e\u0431\u0438\u043c\u043e\u0439 \u0432\u043e \u0432\u0441\u0451\u043c \u043c\u0438\u0440\u0435 \u043a\u043e\u0441\u043c\u0435\u0442\u0438\u043a\u0438 \u0438\u0437 \u042e\u0436\u043d\u043e\u0439 \u041a\u043e\u0440\u0435\u0438. \u041d\u0430\u0448\u0430 \u043a\u043e\u043c\u043f\u0430\u043d\u0438\u044f \u044f\u0432\u043b\u044f\u0435\u0442\u0441\u044f \u0435\u0434\u0438\u043d\u0441\u0442\u0432\u0435\u043d\u043d\u044b\u043c \u044d\u043a\u0441\u043a\u043b\u044e\u0437\u0438\u0432\u043d\u044b\u043c \u0442\u043e\u0440\u0433\u043e\u0432\u044b\u043c \u043f\u0440\u0435\u0434\u0441\u0442\u0430\u0432\u0438\u0442\u0435\u043b\u0435\u043c \u043a\u043e\u0441\u043c\u0435\u0442\u0438\u043a\u0438 \u043f\u0440\u0435\u043c\u0438\u0443\u043c \u043a\u043b\u0430\u0441\u0441\u0430 Medi Peel \u043d\u0430 \u0411\u0430\u043b\u043a\u0430\u043d\u0430\u0445.","og_url":"https:\/\/malinacosmetics.com\/sr\/o-nas\/","og_site_name":"Malina Beauty Store","article_publisher":"https:\/\/www.facebook.com\/MalinaBeautyShopMe\/","article_modified_time":"2023-12-21T15:23:18+00:00","og_image":[{"url":"https:\/\/malinacosmetics.com\/wp-content\/uploads\/2023\/12\/photo_2023-12-21-13.26.13-min.jpeg"}],"twitter_card":"summary_large_image","schema":{"@context":"https:\/\/schema.org","@graph":[{"@type":"WebPage","@id":"https:\/\/malinacosmetics.com\/o-nas\/","url":"https:\/\/malinacosmetics.com\/o-nas\/","name":"\u041e \u043d\u0430\u0441 - Malina Beauty Store","isPartOf":{"@id":"https:\/\/malinacosmetics.com\/#website"},"datePublished":"2021-07-08T12:45:16+00:00","dateModified":"2023-12-21T15:23:18+00:00","description":"Malina Cosmetics \u2013 \u042d\u043a\u043e-\u043f\u043b\u043e\u0449\u0430\u0434\u043a\u0430, \u0431\u043e\u043b\u044c\u0448\u043e\u0439 \u0438 \u0443\u0434\u043e\u0431\u043d\u044b\u0439 \u0438\u043d\u0442\u0435\u0440\u043d\u0435\u0442-\u043c\u0430\u0433\u0430\u0437\u0438\u043d \u0441\u0435\u0440\u0442\u0438\u0444\u0438\u0446\u0438\u0440\u043e\u0432\u0430\u043d\u043d\u043e\u0439 \u0438 \u0431\u0435\u0437\u043e\u043f\u0430\u0441\u043d\u043e\u0439 \u043a\u043e\u0441\u043c\u0435\u0442\u0438\u043a\u0438. \u0423\u043d\u0438\u043a\u0430\u043b\u044c\u043d\u043e\u0435 \u0438\u043d\u0442\u0435\u0440\u043d\u0435\u0442 \u043f\u0440\u043e\u0441\u0442\u0440\u0430\u043d\u0441\u0442\u0432\u043e, \u0432 \u043a\u043e\u0442\u043e\u0440\u043e\u043c \u0441\u043e\u0431\u0440\u0430\u043d\u044b \u043b\u0443\u0447\u0448\u0438\u0435 \u0431\u0440\u0435\u043d\u0434\u044b \u0435\u0432\u0440\u043e\u043f\u0435\u0439\u0441\u043a\u043e\u0439 \u043a\u043e\u0441\u043c\u0435\u0442\u0438\u043a\u0438 \u0438 \u0442\u0430\u043a\u043e\u0439 \u043f\u043e\u043f\u0443\u043b\u044f\u0440\u043d\u043e\u0439 \u0438 \u043b\u044e\u0431\u0438\u043c\u043e\u0439 \u0432\u043e \u0432\u0441\u0451\u043c \u043c\u0438\u0440\u0435 \u043a\u043e\u0441\u043c\u0435\u0442\u0438\u043a\u0438 \u0438\u0437 \u042e\u0436\u043d\u043e\u0439 \u041a\u043e\u0440\u0435\u0438. \u041d\u0430\u0448\u0430 \u043a\u043e\u043c\u043f\u0430\u043d\u0438\u044f \u044f\u0432\u043b\u044f\u0435\u0442\u0441\u044f \u0435\u0434\u0438\u043d\u0441\u0442\u0432\u0435\u043d\u043d\u044b\u043c \u044d\u043a\u0441\u043a\u043b\u044e\u0437\u0438\u0432\u043d\u044b\u043c \u0442\u043e\u0440\u0433\u043e\u0432\u044b\u043c \u043f\u0440\u0435\u0434\u0441\u0442\u0430\u0432\u0438\u0442\u0435\u043b\u0435\u043c \u043a\u043e\u0441\u043c\u0435\u0442\u0438\u043a\u0438 \u043f\u0440\u0435\u043c\u0438\u0443\u043c \u043a\u043b\u0430\u0441\u0441\u0430 Medi Peel \u043d\u0430 \u0411\u0430\u043b\u043a\u0430\u043d\u0430\u0445.","breadcrumb":{"@id":"https:\/\/malinacosmetics.com\/o-nas\/#breadcrumb"},"inLanguage":"sr-RS","potentialAction":[{"@type":"ReadAction","target":["https:\/\/malinacosmetics.com\/o-nas\/"]}]},{"@type":"BreadcrumbList","@id":"https:\/\/malinacosmetics.com\/o-nas\/#breadcrumb","itemListElement":[{"@type":"ListItem","position":1,"name":"\u0413\u043b\u0430\u0432\u043d\u0430\u044f \u0441\u0442\u0440\u0430\u043d\u0438\u0446\u0430","item":"https:\/\/malinacosmetics.com\/"},{"@type":"ListItem","position":2,"name":"\u041e \u043d\u0430\u0441"}]},{"@type":"WebSite","@id":"https:\/\/malinacosmetics.com\/#website","url":"https:\/\/malinacosmetics.com\/","name":"Malina Beauty Store","description":"Prodaja korejske kozmetike za Crnu Goru","publisher":{"@id":"https:\/\/malinacosmetics.com\/#organization"},"potentialAction":[{"@type":"SearchAction","target":{"@type":"EntryPoint","urlTemplate":"https:\/\/malinacosmetics.com\/?s={search_term_string}"},"query-input":"required name=search_term_string"}],"inLanguage":"sr-RS"},{"@type":"Organization","@id":"https:\/\/malinacosmetics.com\/#organization","name":"malinacosmetics","url":"https:\/\/malinacosmetics.com\/","logo":{"@type":"ImageObject","inLanguage":"sr-RS","@id":"https:\/\/malinacosmetics.com\/#\/schema\/logo\/image\/","url":"https:\/\/malinacosmetics.com\/wp-content\/uploads\/2021\/07\/logo.png","contentUrl":"https:\/\/malinacosmetics.com\/wp-content\/uploads\/2021\/07\/logo.png","width":500,"height":353,"caption":"malinacosmetics"},"image":{"@id":"https:\/\/malinacosmetics.com\/#\/schema\/logo\/image\/"},"sameAs":["https:\/\/www.facebook.com\/MalinaBeautyShopMe\/"]}]}},"jetpack_sharing_enabled":true,"_links":{"self":[{"href":"https:\/\/malinacosmetics.com\/sr\/wp-json\/wp\/v2\/pages\/867","targetHints":{"allow":["GET"]}}],"collection":[{"href":"https:\/\/malinacosmetics.com\/sr\/wp-json\/wp\/v2\/pages"}],"about":[{"href":"https:\/\/malinacosmetics.com\/sr\/wp-json\/wp\/v2\/types\/page"}],"author":[{"embeddable":true,"href":"https:\/\/malinacosmetics.com\/sr\/wp-json\/wp\/v2\/users\/1"}],"replies":[{"embeddable":true,"href":"https:\/\/malinacosmetics.com\/sr\/wp-json\/wp\/v2\/comments?post=867"}],"version-history":[{"count":41,"href":"https:\/\/malinacosmetics.com\/sr\/wp-json\/wp\/v2\/pages\/867\/revisions"}],"predecessor-version":[{"id":5943,"href":"https:\/\/malinacosmetics.com\/sr\/wp-json\/wp\/v2\/pages\/867\/revisions\/5943"}],"wp:attachment":[{"href":"https:\/\/malinacosmetics.com\/sr\/wp-json\/wp\/v2\/media?parent=867"}],"curies":[{"name":"wp","href":"https:\/\/api.w.org\/{rel}","templated":true}]}}